{"id":530,"date":"2023-12-07T20:02:37","date_gmt":"2023-12-07T20:02:37","guid":{"rendered":"https:\/\/einurd.is\/?page_id=530"},"modified":"2024-03-08T11:12:07","modified_gmt":"2024-03-08T11:12:07","slug":"need-to-connect-fyrir-ungar-maedur","status":"publish","type":"page","link":"https:\/\/einurd.is\/en_gb\/um-sida\/need-to-connect-fyrir-ungar-maedur\/","title":{"rendered":"NEED TO CONNECT"},"content":{"rendered":"<p>Einur\u00f0 leiddi verkefni\u00f0 Need To Connect (NTC) sem mi\u00f0a\u00f0i a\u00f0 \u00fev\u00ed a\u00f0 fr\u00e6\u00f0a og valdefla ungar m\u00e6\u00f0ur. Afur\u00f0ir og ni\u00f0urst\u00f6\u00f0ur verkefnisins m\u00e1 finna \u00e1<a href=\"https:\/\/www.needtoconnect.eu\/\" data-type=\"URL\" data-id=\"https:\/\/www.needtoconnect.eu\/\"> heimas\u00ed\u00f0u<\/a> \u00feess e\u00f0a \u00fearfagreiningu, opi\u00f0 n\u00e1msefni og tengslanet ungra m\u00e6\u00f0ra.  Lokar\u00e1\u00f0stefna verkefnisins var haldin \u00ed Torre Del Mar Sp\u00e1ni \u00ed september.  <\/p>\n\n\n\n<p>Samhli\u00f0a verkefninu var safna\u00f0 uppl\u00fdsingum um samf\u00e9lagsmi\u00f0la og vettvanga sem ungar m\u00e6\u00f0ur og a\u00f0rir foreldrar geta n\u00fdtt s\u00e9r:   <\/p>\n\n\n\n<p><a href=\"https:\/\/memmmplay.is\/opni-leikskolinn\">MemmPlay <\/a>b\u00fd\u00f0ur fj\u00f6lskyldum a\u00f0st\u00f6\u00f0u til \u00feess a\u00f0 leika og hitta a\u00f0rar fj\u00f6lskyldur. Einnig geta fj\u00f6lskyldur s\u00f3tt fr\u00e6\u00f0slu um m\u00e1lefni uppeldis og barna. \u00dear geta foreldrar \u00e1tt g\u00e6\u00f0astundir me\u00f0 b\u00f6rnum s\u00ednum \u00ed fallegu umhverfi en einnig t\u00e6kif\u00e6ri fyrir b\u00f6rnin a\u00f0 hitta jafnaldra s\u00edna og efla f\u00e9lags\u00feroska \u00e1 \u00feessum m\u00f3tandi aldri.  \u00de\u00fa getur fylgst me\u00f0 Memmplay \u00e1 <a href=\"https:\/\/www.facebook.com\/viltuveramemmm.is\">facebook <\/a>til a\u00f0 finna uppl\u00fdsingar um vi\u00f0bur\u00f0i og opi\u00f0 leiksk\u00f3lastarf \u00ed \u00fe\u00ednu n\u00e6rumhverfi. <\/p>\n\n\n\n<p>Fj\u00f6lskyldustarf Borgarb\u00f3kasafnsins &#8222;<a href=\"https:\/\/borgarbokasafn.is\/kikid-i-heimsokn-med-bornin\">K\u00edki\u00f0 \u00ed heims\u00f3kn me\u00f0 b\u00f6rnin<\/a>&#8220; og annarra b\u00f3kasafna en velflest b\u00f3kas\u00f6fn og menningarmi\u00f0st\u00f6\u00f0var v\u00ed\u00f0a um land bj\u00f3\u00f0a upp \u00e1 reglulegt fj\u00f6lskyldustarf.  Heimas\u00ed\u00f0ur <a href=\"https:\/\/www.samband.is\/sveitarfelogin\/\">sveitarf\u00e9laga<\/a> eru g\u00f3\u00f0ur sta\u00f0ur til a\u00f0 byrja a\u00f0 leita a\u00f0 \u00fej\u00f3nustu \u00ed \u00fe\u00ednu n\u00e6rumhverfi. <\/p>\n\n\n\n<p>\u00dej\u00f3\u00f0kirkjan b\u00fd\u00f0ur upp \u00e1 fj\u00f6lbreytt fj\u00f6lskyldu og foreldrastarf.  \u00de\u00fa getur fundi\u00f0 uppl\u00fdsingar um starf \u00f3l\u00edkra kirkna \u00e1 heimas\u00ed\u00f0um \u00feeirra og samf\u00e9lagsmi\u00f0um, <a href=\"https:\/\/kirkjan.is\/soknir\/\">sj\u00e1 yfirlit yfir s\u00f3knir \u00e1 \u00cdsland<\/a>i. <\/p>\n\n\n\n<p><a href=\"https:\/\/brum.is\/en\/\">Brum.is <\/a>er vettvangur fyrir foreldra sem vilja s\u00e6kja s\u00e9r uppl\u00fdsingar um allt sem tengist getna\u00f0i, me\u00f0g\u00f6ngu, f\u00e6\u00f0ingu, s\u00e6ngurlegu, fyrstu \u00e1runum og allt \u00fear \u00e1 milli.<\/p>\n\n\n\n<p><\/p>\n\n\n\n<p><a href=\"https:\/\/www.facebook.com\/fjolskyldumidstodgerduberg\/?locale=is_IS\">Fj\u00f6lskyldumi\u00f0st\u00f6\u00f0in \u00ed Brei\u00f0holt<\/a>i og <a href=\"https:\/\/reykjavik.is\/frettir\/tinna-styrkir-foreldra-med-hag-barna-i-huga\">Tinnu verkefni\u00f0<\/a>, stu\u00f0ningur fyrir fj\u00f6lskyldur og unga einst\u00e6\u00f0a foreldra. <\/p>\n\n\n\n<p><a href=\"https:\/\/www.facebook.com\/groups\/247104065397094\">M\u00e6\u00f0ur \u00ed a\u00f0alhlutverki<\/a> Facebook samf\u00e9lag me\u00f0 um 10.000 me\u00f0limum <\/p>\n\n\n\n<p><a href=\"https:\/\/www.facebook.com\/groups\/1857785314479351\">Au\u00f0veldar m\u00f6mmur<\/a> Facebook samf\u00e9lag me\u00f0 yfir 11.000 me\u00f0limum <\/p>\n\n\n\n<p>Fyrir \u00fe\u00e1 sem vilja n\u00fdta s\u00e9r ni\u00f0ust\u00f6\u00f0ur &#8222;<a href=\"https:\/\/www.needtoconnect.eu\/is\/nidurstodur\/\">Need to Connec<\/a>t&#8220; verkefnisins og standa fyrir vinnustofum e\u00f0a vi\u00f0bur\u00f0um \u00ed s\u00ednu n\u00e6rumhverfi \u00fe\u00e1 er h\u00e6gt a\u00f0 n\u00e1lgast allt efni\u00f0 \u00e1 heimas\u00ed\u00f0u verkefnisins og frekari a\u00f0sto\u00f0 hj\u00e1 einurd@einurd.is.<\/p>","protected":false},"excerpt":{"rendered":"<p>Einur\u00f0 leiddi verkefni\u00f0 Need To Connect (NTC) sem mi\u00f0a\u00f0i a\u00f0 \u00fev\u00ed a\u00f0 fr\u00e6\u00f0a og valdefla ungar m\u00e6\u00f0ur. Afur\u00f0ir og ni\u00f0urst\u00f6\u00f0ur verkefnisins m\u00e1 finna \u00e1 heimas\u00ed\u00f0u \u00feess e\u00f0a \u00fearfagreiningu, opi\u00f0 n\u00e1msefni og tengslanet ungra m\u00e6\u00f0ra. Lokar\u00e1\u00f0stefna verkefnisins var haldin \u00ed Torre Del Mar Sp\u00e1ni \u00ed september. Samhli\u00f0a verkefninu var safna\u00f0 uppl\u00fdsingum um samf\u00e9lagsmi\u00f0la og vettvanga sem<a href=\"https:\/\/einurd.is\/en_gb\/um-sida\/need-to-connect-fyrir-ungar-maedur\/\">[&#8230;]<\/a><\/p>","protected":false},"author":1,"featured_media":414,"parent":2,"menu_order":1,"comment_status":"closed","ping_status":"closed","template":"","meta":[],"_links":{"self":[{"href":"https:\/\/einurd.is\/en_gb\/wp-json\/wp\/v2\/pages\/530"}],"collection":[{"href":"https:\/\/einurd.is\/en_gb\/wp-json\/wp\/v2\/pages"}],"about":[{"href":"https:\/\/einurd.is\/en_gb\/wp-json\/wp\/v2\/types\/page"}],"author":[{"embeddable":true,"href":"https:\/\/einurd.is\/en_gb\/wp-json\/wp\/v2\/users\/1"}],"replies":[{"embeddable":true,"href":"https:\/\/einurd.is\/en_gb\/wp-json\/wp\/v2\/comments?post=530"}],"version-history":[{"count":6,"href":"https:\/\/einurd.is\/en_gb\/wp-json\/wp\/v2\/pages\/530\/revisions"}],"predecessor-version":[{"id":552,"href":"https:\/\/einurd.is\/en_gb\/wp-json\/wp\/v2\/pages\/530\/revisions\/552"}],"up":[{"embeddable":true,"href":"https:\/\/einurd.is\/en_gb\/wp-json\/wp\/v2\/pages\/2"}],"wp:featuredmedia":[{"embeddable":true,"href":"https:\/\/einurd.is\/en_gb\/wp-json\/wp\/v2\/media\/414"}],"wp:attachment":[{"href":"https:\/\/einurd.is\/en_gb\/wp-json\/wp\/v2\/media?parent=530"}],"curies":[{"name":"wp","href":"https:\/\/api.w.org\/{rel}","templated":true}]}}