{"id":467,"date":"2023-08-18T11:01:24","date_gmt":"2023-08-18T11:01:24","guid":{"rendered":"http:\/\/einurd.is\/?page_id=467"},"modified":"2023-08-18T11:06:28","modified_gmt":"2023-08-18T11:06:28","slug":"samstarfsadilar","status":"publish","type":"page","link":"https:\/\/einurd.is\/en_gb\/samstarfsadilar\/","title":{"rendered":"SAMSTARFSA\u00d0ILAR"},"content":{"rendered":"<p>H\u00e9r m\u00e1 finna nokkra af samstarfsa\u00f0ilum Einur\u00f0ar \u00ed n\u00faverandi verkefnum. <\/p>\n\n\n\n<div class=\"wp-block-group is-layout-constrained\"><div class=\"wp-block-group__inner-container\">\n<div class=\"wp-block-columns is-layout-flex wp-container-3\">\n<div class=\"wp-block-column is-layout-flow\">\n<figure class=\"wp-block-image size-full\"><a href=\"https:\/\/almannaheill.is\/\"><img decoding=\"async\" loading=\"lazy\" width=\"274\" height=\"198\" src=\"http:\/\/einurd.is\/wp-content\/uploads\/2023\/08\/Almannaheill-1.png\" alt=\"\" class=\"wp-image-482\" srcset=\"https:\/\/einurd.is\/wp-content\/uploads\/2023\/08\/Almannaheill-1.png 274w, https:\/\/einurd.is\/wp-content\/uploads\/2023\/08\/Almannaheill-1-16x12.png 16w\" sizes=\"(max-width: 274px) 100vw, 274px\" \/><\/a><\/figure>\n<\/div>\n\n\n\n<div class=\"wp-block-column is-layout-flow\">\n<figure class=\"wp-block-image size-full is-resized\"><a href=\"https:\/\/borginokkar.is\/node\/10881\"><img decoding=\"async\" loading=\"lazy\" src=\"http:\/\/einurd.is\/wp-content\/uploads\/2023\/08\/Reykjavikurborg.jpeg\" alt=\"\" class=\"wp-image-483\" width=\"352\" height=\"197\" srcset=\"https:\/\/einurd.is\/wp-content\/uploads\/2023\/08\/Reykjavikurborg.jpeg 300w, https:\/\/einurd.is\/wp-content\/uploads\/2023\/08\/Reykjavikurborg-16x9.jpeg 16w\" sizes=\"(max-width: 352px) 100vw, 352px\" \/><\/a><\/figure>\n<\/div>\n<\/div>\n<\/div><\/div>\n\n\n\n<div class=\"wp-block-columns is-layout-flex wp-container-8\">\n<div class=\"wp-block-column is-layout-flow\">\n<figure class=\"wp-block-image size-full is-resized\"><a href=\"https:\/\/vaxandi.hi.is\/\"><img decoding=\"async\" loading=\"lazy\" src=\"http:\/\/einurd.is\/wp-content\/uploads\/2023\/08\/Vaxandi-2.png\" alt=\"\" class=\"wp-image-484\" width=\"405\" height=\"132\" srcset=\"https:\/\/einurd.is\/wp-content\/uploads\/2023\/08\/Vaxandi-2.png 667w, https:\/\/einurd.is\/wp-content\/uploads\/2023\/08\/Vaxandi-2-300x98.png 300w, https:\/\/einurd.is\/wp-content\/uploads\/2023\/08\/Vaxandi-2-16x5.png 16w\" sizes=\"(max-width: 405px) 100vw, 405px\" \/><\/a><\/figure>\n<\/div>\n\n\n\n<div class=\"wp-block-column is-layout-flow\">\n<div class=\"wp-block-group is-layout-constrained\"><div class=\"wp-block-group__inner-container\">\n<figure class=\"wp-block-image size-full is-resized\"><a href=\"https:\/\/vesenogvergangur.is\/\"><img decoding=\"async\" loading=\"lazy\" src=\"http:\/\/einurd.is\/wp-content\/uploads\/2023\/08\/Vesen-og-vergangur-1.png\" alt=\"\" class=\"wp-image-485\" width=\"458\" height=\"90\" srcset=\"https:\/\/einurd.is\/wp-content\/uploads\/2023\/08\/Vesen-og-vergangur-1.png 524w, https:\/\/einurd.is\/wp-content\/uploads\/2023\/08\/Vesen-og-vergangur-1-300x59.png 300w, https:\/\/einurd.is\/wp-content\/uploads\/2023\/08\/Vesen-og-vergangur-1-16x3.png 16w\" sizes=\"(max-width: 458px) 100vw, 458px\" \/><\/a><\/figure>\n<\/div><\/div>\n<\/div>\n<\/div>\n\n\n\n<div class=\"wp-block-columns is-layout-flex wp-container-11\">\n<div class=\"wp-block-column is-layout-flow\">\n<figure class=\"wp-block-image size-full\"><a href=\"https:\/\/www.vu.lt\/en\"><img decoding=\"async\" loading=\"lazy\" width=\"212\" height=\"237\" src=\"http:\/\/einurd.is\/wp-content\/uploads\/2023\/08\/Vilnius-university-1.png\" alt=\"\" class=\"wp-image-486\" srcset=\"https:\/\/einurd.is\/wp-content\/uploads\/2023\/08\/Vilnius-university-1.png 212w, https:\/\/einurd.is\/wp-content\/uploads\/2023\/08\/Vilnius-university-1-11x12.png 11w\" sizes=\"(max-width: 212px) 100vw, 212px\" \/><\/a><\/figure>\n<\/div>\n\n\n\n<div class=\"wp-block-column is-layout-flow\">\n<figure class=\"wp-block-image size-full is-resized\"><a href=\"https:\/\/www.en.aau.dk\/\"><img decoding=\"async\" loading=\"lazy\" src=\"http:\/\/einurd.is\/wp-content\/uploads\/2023\/08\/Alaborgarhaskoli-1.png\" alt=\"\" class=\"wp-image-487\" width=\"278\" height=\"278\" srcset=\"https:\/\/einurd.is\/wp-content\/uploads\/2023\/08\/Alaborgarhaskoli-1.png 400w, https:\/\/einurd.is\/wp-content\/uploads\/2023\/08\/Alaborgarhaskoli-1-300x300.png 300w, https:\/\/einurd.is\/wp-content\/uploads\/2023\/08\/Alaborgarhaskoli-1-150x150.png 150w, https:\/\/einurd.is\/wp-content\/uploads\/2023\/08\/Alaborgarhaskoli-1-12x12.png 12w, https:\/\/einurd.is\/wp-content\/uploads\/2023\/08\/Alaborgarhaskoli-1-250x250.png 250w, https:\/\/einurd.is\/wp-content\/uploads\/2023\/08\/Alaborgarhaskoli-1-174x174.png 174w\" sizes=\"(max-width: 278px) 100vw, 278px\" \/><\/a><\/figure>\n<\/div>\n<\/div>\n\n\n\n<div class=\"wp-block-columns is-layout-flex wp-container-14\">\n<div class=\"wp-block-column is-layout-flow\">\n<figure class=\"wp-block-image size-full\"><a href=\"https:\/\/fjolsmidjan.is\/\"><img decoding=\"async\" loading=\"lazy\" width=\"274\" height=\"184\" src=\"http:\/\/einurd.is\/wp-content\/uploads\/2023\/08\/Fjolsmidjan.jpeg\" alt=\"\" class=\"wp-image-488\" srcset=\"https:\/\/einurd.is\/wp-content\/uploads\/2023\/08\/Fjolsmidjan.jpeg 274w, https:\/\/einurd.is\/wp-content\/uploads\/2023\/08\/Fjolsmidjan-16x12.jpeg 16w\" sizes=\"(max-width: 274px) 100vw, 274px\" \/><\/a><\/figure>\n<\/div>\n\n\n\n<div class=\"wp-block-column is-layout-flow\">\n<figure class=\"wp-block-image size-large\"><a href=\"https:\/\/www.kmop.gr\/\"><img decoding=\"async\" loading=\"lazy\" width=\"1024\" height=\"410\" src=\"http:\/\/einurd.is\/wp-content\/uploads\/2023\/08\/Kmpop-1-1024x410.png\" alt=\"\" class=\"wp-image-489\" srcset=\"https:\/\/einurd.is\/wp-content\/uploads\/2023\/08\/Kmpop-1-1024x410.png 1024w, https:\/\/einurd.is\/wp-content\/uploads\/2023\/08\/Kmpop-1-300x120.png 300w, https:\/\/einurd.is\/wp-content\/uploads\/2023\/08\/Kmpop-1-768x307.png 768w, https:\/\/einurd.is\/wp-content\/uploads\/2023\/08\/Kmpop-1-16x6.png 16w, https:\/\/einurd.is\/wp-content\/uploads\/2023\/08\/Kmpop-1.png 1070w\" sizes=\"(max-width: 1024px) 100vw, 1024px\" \/><\/a><\/figure>\n<\/div>\n<\/div>\n\n\n\n<div class=\"wp-block-columns is-layout-flex wp-container-17\">\n<div class=\"wp-block-column is-layout-flow\">\n<figure class=\"wp-block-image size-full\"><a href=\"https:\/\/www.happinessacademy.eu\/\"><img decoding=\"async\" loading=\"lazy\" width=\"225\" height=\"225\" src=\"http:\/\/einurd.is\/wp-content\/uploads\/2023\/08\/Happiness2-2.png\" alt=\"\" class=\"wp-image-490\" srcset=\"https:\/\/einurd.is\/wp-content\/uploads\/2023\/08\/Happiness2-2.png 225w, https:\/\/einurd.is\/wp-content\/uploads\/2023\/08\/Happiness2-2-150x150.png 150w, https:\/\/einurd.is\/wp-content\/uploads\/2023\/08\/Happiness2-2-12x12.png 12w, https:\/\/einurd.is\/wp-content\/uploads\/2023\/08\/Happiness2-2-174x174.png 174w\" sizes=\"(max-width: 225px) 100vw, 225px\" \/><\/a><\/figure>\n<\/div>\n\n\n\n<div class=\"wp-block-column is-layout-flow\">\n<figure class=\"wp-block-image size-full\"><a href=\"https:\/\/cesie.org\/en\/\"><img decoding=\"async\" loading=\"lazy\" width=\"225\" height=\"225\" src=\"http:\/\/einurd.is\/wp-content\/uploads\/2023\/08\/cesaa-2.png\" alt=\"\" class=\"wp-image-492\" srcset=\"https:\/\/einurd.is\/wp-content\/uploads\/2023\/08\/cesaa-2.png 225w, https:\/\/einurd.is\/wp-content\/uploads\/2023\/08\/cesaa-2-150x150.png 150w, https:\/\/einurd.is\/wp-content\/uploads\/2023\/08\/cesaa-2-12x12.png 12w, https:\/\/einurd.is\/wp-content\/uploads\/2023\/08\/cesaa-2-174x174.png 174w\" sizes=\"(max-width: 225px) 100vw, 225px\" \/><\/a><\/figure>\n<\/div>\n<\/div>\n\n\n\n<div class=\"wp-block-columns is-layout-flex wp-container-20\">\n<div class=\"wp-block-column is-layout-flow\">\n<figure class=\"wp-block-image size-full\"><a href=\"https:\/\/www.tlu.ee\/en\"><img decoding=\"async\" loading=\"lazy\" width=\"274\" height=\"184\" src=\"http:\/\/einurd.is\/wp-content\/uploads\/2023\/08\/Tallinn-uni.jpeg\" alt=\"\" class=\"wp-image-493\" srcset=\"https:\/\/einurd.is\/wp-content\/uploads\/2023\/08\/Tallinn-uni.jpeg 274w, https:\/\/einurd.is\/wp-content\/uploads\/2023\/08\/Tallinn-uni-16x12.jpeg 16w\" sizes=\"(max-width: 274px) 100vw, 274px\" \/><\/a><\/figure>\n<\/div>\n\n\n\n<div class=\"wp-block-column is-layout-flow\">\n<figure class=\"wp-block-image size-full\"><a href=\"https:\/\/cmeducations.se\/\"><img decoding=\"async\" loading=\"lazy\" width=\"372\" height=\"135\" src=\"http:\/\/einurd.is\/wp-content\/uploads\/2023\/08\/Changemaker-1.png\" alt=\"\" class=\"wp-image-494\" srcset=\"https:\/\/einurd.is\/wp-content\/uploads\/2023\/08\/Changemaker-1.png 372w, https:\/\/einurd.is\/wp-content\/uploads\/2023\/08\/Changemaker-1-300x109.png 300w, https:\/\/einurd.is\/wp-content\/uploads\/2023\/08\/Changemaker-1-16x6.png 16w\" sizes=\"(max-width: 372px) 100vw, 372px\" \/><\/a><\/figure>\n<\/div>\n<\/div>\n\n\n\n<div class=\"wp-block-columns is-layout-flex wp-container-23\">\n<div class=\"wp-block-column is-layout-flow\">\n<figure class=\"wp-block-image size-full\"><a href=\"https:\/\/kandydacipb.edu.pl\"><img decoding=\"async\" loading=\"lazy\" width=\"246\" height=\"205\" src=\"http:\/\/einurd.is\/wp-content\/uploads\/2023\/08\/Politexhnika.png\" alt=\"\" class=\"wp-image-495\" srcset=\"https:\/\/einurd.is\/wp-content\/uploads\/2023\/08\/Politexhnika.png 246w, https:\/\/einurd.is\/wp-content\/uploads\/2023\/08\/Politexhnika-14x12.png 14w\" sizes=\"(max-width: 246px) 100vw, 246px\" \/><\/a><\/figure>\n<\/div>\n\n\n\n<div class=\"wp-block-column is-layout-flow\">\n<figure class=\"wp-block-image size-large is-resized\"><a href=\"https:\/\/www.linkzedu.com\/\"><img decoding=\"async\" loading=\"lazy\" src=\"http:\/\/einurd.is\/wp-content\/uploads\/2023\/08\/Linkz-1-1024x1024.png\" alt=\"\" class=\"wp-image-497\" width=\"267\" height=\"267\" srcset=\"https:\/\/einurd.is\/wp-content\/uploads\/2023\/08\/Linkz-1-1024x1024.png 1024w, https:\/\/einurd.is\/wp-content\/uploads\/2023\/08\/Linkz-1-300x300.png 300w, https:\/\/einurd.is\/wp-content\/uploads\/2023\/08\/Linkz-1-150x150.png 150w, https:\/\/einurd.is\/wp-content\/uploads\/2023\/08\/Linkz-1-768x768.png 768w, https:\/\/einurd.is\/wp-content\/uploads\/2023\/08\/Linkz-1-12x12.png 12w, https:\/\/einurd.is\/wp-content\/uploads\/2023\/08\/Linkz-1-250x250.png 250w, https:\/\/einurd.is\/wp-content\/uploads\/2023\/08\/Linkz-1-174x174.png 174w, https:\/\/einurd.is\/wp-content\/uploads\/2023\/08\/Linkz-1.png 1440w\" sizes=\"(max-width: 267px) 100vw, 267px\" \/><\/a><\/figure>\n<\/div>\n<\/div>\n\n\n\n<div class=\"wp-block-columns is-layout-flex wp-container-26\">\n<div class=\"wp-block-column is-layout-flow\">\n<figure class=\"wp-block-image size-full\"><a href=\"https:\/\/www.cis-es.org\/\"><img decoding=\"async\" loading=\"lazy\" width=\"420\" height=\"120\" src=\"http:\/\/einurd.is\/wp-content\/uploads\/2023\/08\/CISSS.png\" alt=\"\" class=\"wp-image-498\" srcset=\"https:\/\/einurd.is\/wp-content\/uploads\/2023\/08\/CISSS.png 420w, https:\/\/einurd.is\/wp-content\/uploads\/2023\/08\/CISSS-300x86.png 300w, https:\/\/einurd.is\/wp-content\/uploads\/2023\/08\/CISSS-16x5.png 16w\" sizes=\"(max-width: 420px) 100vw, 420px\" \/><\/a><\/figure>\n<\/div>\n\n\n\n<div class=\"wp-block-column is-layout-flow\"><\/div>\n<\/div>","protected":false},"excerpt":{"rendered":"<p>H\u00e9r m\u00e1 finna nokkra af samstarfsa\u00f0ilum Einur\u00f0ar \u00ed n\u00faverandi verkefnum.<\/p>","protected":false},"author":1,"featured_media":0,"parent":0,"menu_order":0,"comment_status":"closed","ping_status":"closed","template":"","meta":[],"_links":{"self":[{"href":"https:\/\/einurd.is\/en_gb\/wp-json\/wp\/v2\/pages\/467"}],"collection":[{"href":"https:\/\/einurd.is\/en_gb\/wp-json\/wp\/v2\/pages"}],"about":[{"href":"https:\/\/einurd.is\/en_gb\/wp-json\/wp\/v2\/types\/page"}],"author":[{"embeddable":true,"href":"https:\/\/einurd.is\/en_gb\/wp-json\/wp\/v2\/users\/1"}],"replies":[{"embeddable":true,"href":"https:\/\/einurd.is\/en_gb\/wp-json\/wp\/v2\/comments?post=467"}],"version-history":[{"count":3,"href":"https:\/\/einurd.is\/en_gb\/wp-json\/wp\/v2\/pages\/467\/revisions"}],"predecessor-version":[{"id":503,"href":"https:\/\/einurd.is\/en_gb\/wp-json\/wp\/v2\/pages\/467\/revisions\/503"}],"wp:attachment":[{"href":"https:\/\/einurd.is\/en_gb\/wp-json\/wp\/v2\/media?parent=467"}],"curies":[{"name":"wp","href":"https:\/\/api.w.org\/{rel}","templated":true}]}}