{"id":372,"date":"2021-10-17T14:37:03","date_gmt":"2021-10-17T14:37:03","guid":{"rendered":"http:\/\/einurd.is\/?page_id=372"},"modified":"2021-10-17T14:37:03","modified_gmt":"2021-10-17T14:37:03","slug":"re-start-a-vinnumarkadi","status":"publish","type":"page","link":"https:\/\/einurd.is\/en_gb\/re-start-a-vinnumarkadi\/","title":{"rendered":"Re-Start \u00e1 vinnumarka\u00f0i"},"content":{"rendered":"<p>Markmi\u00f0 RE-START verkefnisins er a\u00f0 byggja upp stu\u00f0nings\u00fej\u00f3nustu \u00ed gegnum neti\u00f0 fyrir konur sem vilja sn\u00faa aftur \u00e1 vinnumarka\u00f0 eftir a\u00f0 hafa veri\u00f0 heimavinnandi. Verkefni\u00f0 sn\u00fdr a\u00f0 3 st\u00e6rstu \u00e1skorunum kvenna sem eru \u00ed \u00feessum sta\u00f0 \u00ed l\u00edfi s\u00ednu:<\/p>\n\n\n\n<p>\u2013 f\u00e1 hvatningu og \u00f6\u00f0last sj\u00e1lfstraust til a\u00f0 sn\u00faa aftur \u00e1 vinnumarka\u00f0.<\/p>\n\n\n\n<p>\u2013 f\u00e1 stu\u00f0ning um hvernig er best a\u00f0 bera sig a\u00f0 til a\u00f0 n\u00e1 \u00e1rangri og f\u00e1 starf vi\u00f0 h\u00e6fi.<\/p>\n\n\n\n<p>\u2013 auka f\u00e9lagsf\u00e6rni og f\u00e6rni til a\u00f0 koma auga og n\u00fdta skipulega \u00feau tengsl- og tengslanet sem eru a\u00f0gengileg.<\/p>\n\n\n\n<p>Stu\u00f0ningsefni RE-START verkefnisins ver\u00f0ur a\u00f0gengilegt \u00e1 netinu fyrir konur sem vilja sn\u00faa aftur \u00e1 vinnumarka\u00f0 til a\u00f0 draga \u00far h\u00e6ttu \u00e1 ja\u00f0arsetningu og f\u00e1t\u00e6kt, s\u00e9rstaklega \u00e1 efri \u00e1rum. \u00deannig er verkefninu \u00e6tla\u00f0 a\u00f0 hafa j\u00e1kv\u00e6\u00f0 \u00e1hrif \u00e1 m\u00f6guleika kvennanna \u00e1 vinnumarka\u00f0i og stu\u00f0la a\u00f0 betri f\u00e9lagslegri og efnahagslegri st\u00f6\u00f0u \u00feeirra og fj\u00f6lskyldna \u00feeirra.<\/p>\n\n\n\n<p><a href=\"https:\/\/www.re-start-project.eu\/is\/home-is\/\">Fr\u00e6\u00f0slus\u00ed\u00f0a verkefnisins<\/a> er a\u00f0gengileg \u00e1 ensku og tungum\u00e1lum samstarfslandanna: Sp\u00e1nn, \u00cdsland, Grikkland, K\u00fdpur, B\u00falgar\u00eda og P\u00f3land,<\/p>","protected":false},"excerpt":{"rendered":"<p>Markmi\u00f0 RE-START verkefnisins er a\u00f0 byggja upp stu\u00f0nings\u00fej\u00f3nustu \u00ed gegnum neti\u00f0 fyrir konur sem vilja sn\u00faa aftur \u00e1 vinnumarka\u00f0 eftir a\u00f0 hafa veri\u00f0 heimavinnandi. Verkefni\u00f0 sn\u00fdr a\u00f0 3 st\u00e6rstu \u00e1skorunum kvenna sem eru \u00ed \u00feessum sta\u00f0 \u00ed l\u00edfi s\u00ednu: \u2013 f\u00e1 hvatningu og \u00f6\u00f0last sj\u00e1lfstraust til a\u00f0 sn\u00faa aftur \u00e1 vinnumarka\u00f0. \u2013 f\u00e1 stu\u00f0ning um<a href=\"https:\/\/einurd.is\/en_gb\/re-start-a-vinnumarkadi\/\">[&#8230;]<\/a><\/p>","protected":false},"author":1,"featured_media":373,"parent":0,"menu_order":0,"comment_status":"closed","ping_status":"closed","template":"","meta":[],"_links":{"self":[{"href":"https:\/\/einurd.is\/en_gb\/wp-json\/wp\/v2\/pages\/372"}],"collection":[{"href":"https:\/\/einurd.is\/en_gb\/wp-json\/wp\/v2\/pages"}],"about":[{"href":"https:\/\/einurd.is\/en_gb\/wp-json\/wp\/v2\/types\/page"}],"author":[{"embeddable":true,"href":"https:\/\/einurd.is\/en_gb\/wp-json\/wp\/v2\/users\/1"}],"replies":[{"embeddable":true,"href":"https:\/\/einurd.is\/en_gb\/wp-json\/wp\/v2\/comments?post=372"}],"version-history":[{"count":1,"href":"https:\/\/einurd.is\/en_gb\/wp-json\/wp\/v2\/pages\/372\/revisions"}],"predecessor-version":[{"id":375,"href":"https:\/\/einurd.is\/en_gb\/wp-json\/wp\/v2\/pages\/372\/revisions\/375"}],"wp:featuredmedia":[{"embeddable":true,"href":"https:\/\/einurd.is\/en_gb\/wp-json\/wp\/v2\/media\/373"}],"wp:attachment":[{"href":"https:\/\/einurd.is\/en_gb\/wp-json\/wp\/v2\/media?parent=372"}],"curies":[{"name":"wp","href":"https:\/\/api.w.org\/{rel}","templated":true}]}}