{"id":313,"date":"2020-10-15T11:29:41","date_gmt":"2020-10-15T11:29:41","guid":{"rendered":"http:\/\/einurd.is\/?page_id=313"},"modified":"2020-10-15T11:29:41","modified_gmt":"2020-10-15T11:29:41","slug":"se4y-verkefnid","status":"publish","type":"page","link":"https:\/\/einurd.is\/en_gb\/se4y-verkefnid\/","title":{"rendered":"SE4Y verkefni\u00f0"},"content":{"rendered":"<p><img decoding=\"async\" loading=\"lazy\" width=\"472\" height=\"591\" class=\"wp-image-314\" style=\"width: 50px;\" src=\"http:\/\/einurd.is\/wp-content\/uploads\/2020\/10\/SE4Y-without-letters-.jpg\" alt=\"\" srcset=\"https:\/\/einurd.is\/wp-content\/uploads\/2020\/10\/SE4Y-without-letters-.jpg 472w, https:\/\/einurd.is\/wp-content\/uploads\/2020\/10\/SE4Y-without-letters--240x300.jpg 240w\" sizes=\"(max-width: 472px) 100vw, 472px\" \/>SE4You (Social Entrepreneurship for youth) e\u00f0a samf\u00e9lagsleg n\u00fdsk\u00f6pun ungs f\u00f3lks hefur \u00fea\u00f0 markmi\u00f0 a\u00f0 sty\u00f0ja og \u00fej\u00e1lfa ungt f\u00f3lk \u00ed a\u00f0 skapa s\u00e9r starfsferil tengdan velfer\u00f0arm\u00e1lum og samf\u00e9lags\u00fer\u00f3un. \u00cd verkefninu ver\u00f0ur  byggt upp samf\u00e9lag \u00e1 netinu sem hvetur ungmenn til a\u00f0 taka \u00fe\u00e1tt \u00ed samf\u00e9lagsstarfi og n\u00fdsk\u00f6pun og bj\u00f3\u00f0a upp \u00e1 \u00fej\u00e1lfun og stu\u00f0ningefni um n\u00fdsk\u00f6pun og frumkv\u00f6\u00f0lastarf. <\/p>","protected":false},"excerpt":{"rendered":"<p>SE4You (Social Entrepreneurship for youth) e\u00f0a samf\u00e9lagsleg n\u00fdsk\u00f6pun ungs f\u00f3lks hefur \u00fea\u00f0 markmi\u00f0 a\u00f0 sty\u00f0ja og \u00fej\u00e1lfa ungt f\u00f3lk \u00ed a\u00f0 skapa s\u00e9r starfsferil tengdan velfer\u00f0arm\u00e1lum og samf\u00e9lags\u00fer\u00f3un. \u00cd verkefninu ver\u00f0ur byggt upp samf\u00e9lag \u00e1 netinu sem hvetur ungmenn til a\u00f0 taka \u00fe\u00e1tt \u00ed samf\u00e9lagsstarfi og n\u00fdsk\u00f6pun og bj\u00f3\u00f0a upp \u00e1 \u00fej\u00e1lfun og stu\u00f0ningefni um<a href=\"https:\/\/einurd.is\/en_gb\/se4y-verkefnid\/\">[&#8230;]<\/a><\/p>","protected":false},"author":1,"featured_media":0,"parent":0,"menu_order":0,"comment_status":"closed","ping_status":"closed","template":"","meta":[],"_links":{"self":[{"href":"https:\/\/einurd.is\/en_gb\/wp-json\/wp\/v2\/pages\/313"}],"collection":[{"href":"https:\/\/einurd.is\/en_gb\/wp-json\/wp\/v2\/pages"}],"about":[{"href":"https:\/\/einurd.is\/en_gb\/wp-json\/wp\/v2\/types\/page"}],"author":[{"embeddable":true,"href":"https:\/\/einurd.is\/en_gb\/wp-json\/wp\/v2\/users\/1"}],"replies":[{"embeddable":true,"href":"https:\/\/einurd.is\/en_gb\/wp-json\/wp\/v2\/comments?post=313"}],"version-history":[{"count":1,"href":"https:\/\/einurd.is\/en_gb\/wp-json\/wp\/v2\/pages\/313\/revisions"}],"predecessor-version":[{"id":315,"href":"https:\/\/einurd.is\/en_gb\/wp-json\/wp\/v2\/pages\/313\/revisions\/315"}],"wp:attachment":[{"href":"https:\/\/einurd.is\/en_gb\/wp-json\/wp\/v2\/media?parent=313"}],"curies":[{"name":"wp","href":"https:\/\/api.w.org\/{rel}","templated":true}]}}