{"id":309,"date":"2024-03-08T11:17:00","date_gmt":"2024-03-08T11:17:00","guid":{"rendered":"http:\/\/einurd.is\/?page_id=309"},"modified":"2024-03-08T11:53:08","modified_gmt":"2024-03-08T11:53:08","slug":"fatherhood","status":"publish","type":"page","link":"https:\/\/einurd.is\/en_gb\/fatherhood\/","title":{"rendered":"FATHERHOOD"},"content":{"rendered":"<p>Einur\u00f0 og <a href=\"https:\/\/quasar.is\/\">Quasar<\/a> unnu saman a\u00f0 Fatherhood verkefninu sem styrkt var af Erasmusplus mennta\u00e1\u00e6tlun Evr\u00f3pusambandsins. Einur\u00f0 hefur s\u00ed\u00f0an unni\u00f0 \u00e1fram a\u00f0 kynningu ni\u00f0ursta\u00f0na verkefnisins samhli\u00f0a kynningu og \u00e1framhaldandi \u00fer\u00f3un \u00e1 afur\u00f0um &#8222;Need to Connect&#8220; verkefnisins.  H\u00e9r fyrir ne\u00f0an m\u00e1 n\u00e1lgast yfirlit yfir Fatherhood \u00fej\u00e1lfunina en n\u00e1msefni er a\u00f0gengilegt \u00e1 <a href=\"https:\/\/fatherhoodproject.eu\/moodle\/course\/index.php?categoryid=11\">Moodle \u00fej\u00e1lfunarvettvangi Fatherhood<\/a> \u00fear sem einnig er h\u00e6gt a\u00f0 f\u00e1 a\u00f0gang og setja upp n\u00e1mskei\u00f0 (senda bei\u00f0ni \u00e1 stefania@einurd.is). <\/p>\n\n\n\n<p>Markh\u00f3pur beggja verkefna eru ungir foreldrar en vinnustofur og opi\u00f0 menntaefni sem \u00fer\u00f3a\u00f0 var \u00ed verkefnunum ver\u00f0ur n\u00fdtt \u00ed fr\u00e6\u00f0slustarf me\u00f0 \u00feessum h\u00f3pum \u00ed framt\u00ed\u00f0inni og \u00fe\u00e1 \u00ed samstarfi vi\u00f0 sveitarf\u00e9l\u00f6g og a\u00f0ra haga\u00f0ila sem vinna me\u00f0 fj\u00f6lskyldum \u00ed \u00feeirra n\u00e6rsamf\u00e9lagi svo sem MemmPlay og Fj\u00f6lskyldumi\u00f0st\u00f6\u00f0ina \u00ed Brei\u00f0holti.  Einnig er fyrirhuga\u00f0 a\u00f0 vinna frekar \u00far ni\u00f0urst\u00f6\u00f0um \u00fearfagreininga \u00ed verkefnunum \u00ed greinaskrifum.    <\/p>\n\n\n\n<p>\u00de\u00e1 ver\u00f0ur n\u00e1msefni \u00ed Fatherhood verkefninu n\u00fdtt<a href=\"https:\/\/www.facebook.com\/events\/1413846729542243?ref=newsfeed\" data-type=\"URL\" data-id=\"https:\/\/www.facebook.com\/events\/1413846729542243?ref=newsfeed\"> \u00ed \u00fej\u00e1lfun \u00ed &#8222;Papa&#8220; verkefninu<\/a> sem fer fram a netinu \u00ed \u00e1rsbyrjun 2024.  Vi\u00f0 hvetjum fe\u00f0ur a\u00f0 taka \u00fe\u00e1tt en n\u00e1mskei\u00f0i\u00f0 er \u00e1 ensku og fer fram \u00e1 \u00cdslandi og \u00ed Grikklandi.  <\/p>\n\n\n\n<div class=\"wp-block-file\"><object class=\"wp-block-file__embed\" data=\"https:\/\/einurd.is\/wp-content\/uploads\/2024\/03\/Fatherhood-IC.pdf\" type=\"application\/pdf\" style=\"width:100%;height:600px\" aria-label=\"Embed of Fatherhood-IC.\"><\/object><a id=\"wp-block-file--media-b2878a27-60e4-478b-a2db-572c94293ad1\" href=\"https:\/\/einurd.is\/wp-content\/uploads\/2024\/03\/Fatherhood-IC.pdf\">Fatherhood-IC<\/a><a href=\"https:\/\/einurd.is\/wp-content\/uploads\/2024\/03\/Fatherhood-IC.pdf\" class=\"wp-block-file__button wp-element-button\" download aria-describedby=\"wp-block-file--media-b2878a27-60e4-478b-a2db-572c94293ad1\">Download<\/a><\/div>\n\n\n\n<figure class=\"wp-block-image size-full\"><a href=\"http:\/\/einurd.is\/wp-content\/uploads\/2023\/10\/erasmusplus-logo.png\"><img decoding=\"async\" loading=\"lazy\" width=\"420\" height=\"120\" src=\"http:\/\/einurd.is\/wp-content\/uploads\/2023\/10\/erasmusplus-logo.png\" alt=\"\" class=\"wp-image-522\" srcset=\"https:\/\/einurd.is\/wp-content\/uploads\/2023\/10\/erasmusplus-logo.png 420w, https:\/\/einurd.is\/wp-content\/uploads\/2023\/10\/erasmusplus-logo-300x86.png 300w, https:\/\/einurd.is\/wp-content\/uploads\/2023\/10\/erasmusplus-logo-16x5.png 16w\" sizes=\"(max-width: 420px) 100vw, 420px\" \/><\/a><\/figure>","protected":false},"excerpt":{"rendered":"<p>Einur\u00f0 og Quasar unnu saman a\u00f0 Fatherhood verkefninu sem styrkt var af Erasmusplus mennta\u00e1\u00e6tlun Evr\u00f3pusambandsins. Einur\u00f0 hefur s\u00ed\u00f0an unni\u00f0 \u00e1fram a\u00f0 kynningu ni\u00f0ursta\u00f0na verkefnisins samhli\u00f0a kynningu og \u00e1framhaldandi \u00fer\u00f3un \u00e1 afur\u00f0um &#8222;Need to Connect&#8220; verkefnisins. H\u00e9r fyrir ne\u00f0an m\u00e1 n\u00e1lgast yfirlit yfir Fatherhood \u00fej\u00e1lfunina en n\u00e1msefni er a\u00f0gengilegt \u00e1 Moodle \u00fej\u00e1lfunarvettvangi Fatherhood \u00fear sem einnig<a href=\"https:\/\/einurd.is\/en_gb\/fatherhood\/\">[&#8230;]<\/a><\/p>","protected":false},"author":1,"featured_media":342,"parent":0,"menu_order":0,"comment_status":"closed","ping_status":"closed","template":"","meta":[],"_links":{"self":[{"href":"https:\/\/einurd.is\/en_gb\/wp-json\/wp\/v2\/pages\/309"}],"collection":[{"href":"https:\/\/einurd.is\/en_gb\/wp-json\/wp\/v2\/pages"}],"about":[{"href":"https:\/\/einurd.is\/en_gb\/wp-json\/wp\/v2\/types\/page"}],"author":[{"embeddable":true,"href":"https:\/\/einurd.is\/en_gb\/wp-json\/wp\/v2\/users\/1"}],"replies":[{"embeddable":true,"href":"https:\/\/einurd.is\/en_gb\/wp-json\/wp\/v2\/comments?post=309"}],"version-history":[{"count":7,"href":"https:\/\/einurd.is\/en_gb\/wp-json\/wp\/v2\/pages\/309\/revisions"}],"predecessor-version":[{"id":561,"href":"https:\/\/einurd.is\/en_gb\/wp-json\/wp\/v2\/pages\/309\/revisions\/561"}],"wp:featuredmedia":[{"embeddable":true,"href":"https:\/\/einurd.is\/en_gb\/wp-json\/wp\/v2\/media\/342"}],"wp:attachment":[{"href":"https:\/\/einurd.is\/en_gb\/wp-json\/wp\/v2\/media?parent=309"}],"curies":[{"name":"wp","href":"https:\/\/api.w.org\/{rel}","templated":true}]}}