{"id":304,"date":"2020-10-15T10:52:26","date_gmt":"2020-10-15T10:52:26","guid":{"rendered":"http:\/\/einurd.is\/?page_id=304"},"modified":"2020-10-15T10:54:07","modified_gmt":"2020-10-15T10:54:07","slug":"know-your-rights","status":"publish","type":"page","link":"https:\/\/einurd.is\/en_gb\/know-your-rights\/","title":{"rendered":"Know Your Rights"},"content":{"rendered":"<p>Einur\u00f0 lei\u00f0ir verkefni\u00f0 \u201c<a href=\"http:\/\/www.kyr.lpf.lt\" data-type=\"URL\" data-id=\"www.kyr.lpf.lt\">Know Your Rights<\/a>\u201d (KYR) sem styrkt er af Erasmus+\u00a0 Mennta\u00e1\u00e6tlun Evr\u00f3pusambandsins (2019-2021).\u00a0 Verkefni\u00f0 sn\u00fdst um a\u00f0 \u00fatb\u00faa fr\u00e6\u00f0slu- og kynningarefni um r\u00e9ttindi verkaf\u00f3lks af erlendumuppruna, \u00fej\u00e1lfa jafningja \u00ed a\u00f0 uppl\u00fdsa um sl\u00edk r\u00e9ttindi og veita stu\u00f0ning.\u00a0\u00a0Framleidd ver\u00f0a video \u00e1 3-5 tungum\u00e1lum \u00ed hverju landi auk fr\u00e6\u00f0slu- og kynningarefnis sem h\u00e6gt ver\u00f0ur a\u00f0 n\u00e1lgast \u00e1 uppl\u00fdsingas\u00ed\u00f0u verkefnsins vi\u00f0 lok \u00feess.  Samstarfsa\u00f0ilar \u00ed verkefninu eru:\u00a0 <\/p>\n\n\n\n<p>Verein Multikulturell (VM) fr\u00e1 Austurr\u00edki sem var \u00ed verkefninu til 1. j\u00fal\u00ed 2020 en eftir \u00fea\u00f0 t\u00f3k Compass fr\u00e1 Austurr\u00edki vi\u00f0 verkefninu, <\/p>\n\n\n\n<p>Centre for Social Innovation (CSI) fr\u00e1 K\u00fdpur,<\/p>\n\n\n\n<p>Jafnr\u00e9ttish\u00fas,  <\/p>\n\n\n\n<p>Social Innovation Fund (SIF) fr\u00e1 Lith\u00e1en, <\/p>\n\n\n\n<p>Acci\u00f3n Laboral (AL) og Asociaci\u00f3n Caminos (AC) fr\u00e1 Sp\u00e1ni. <\/p>","protected":false},"excerpt":{"rendered":"<p>Einur\u00f0 lei\u00f0ir verkefni\u00f0 \u201cKnow Your Rights\u201d (KYR) sem styrkt er af Erasmus+\u00a0 Mennta\u00e1\u00e6tlun Evr\u00f3pusambandsins (2019-2021).\u00a0 Verkefni\u00f0 sn\u00fdst um a\u00f0 \u00fatb\u00faa fr\u00e6\u00f0slu- og kynningarefni um r\u00e9ttindi verkaf\u00f3lks af erlendumuppruna, \u00fej\u00e1lfa jafningja \u00ed a\u00f0 uppl\u00fdsa um sl\u00edk r\u00e9ttindi og veita stu\u00f0ning.\u00a0\u00a0Framleidd ver\u00f0a video \u00e1 3-5 tungum\u00e1lum \u00ed hverju landi auk fr\u00e6\u00f0slu- og kynningarefnis sem h\u00e6gt ver\u00f0ur a\u00f0<a href=\"https:\/\/einurd.is\/en_gb\/know-your-rights\/\">[&#8230;]<\/a><\/p>","protected":false},"author":1,"featured_media":0,"parent":0,"menu_order":0,"comment_status":"closed","ping_status":"closed","template":"","meta":[],"_links":{"self":[{"href":"https:\/\/einurd.is\/en_gb\/wp-json\/wp\/v2\/pages\/304"}],"collection":[{"href":"https:\/\/einurd.is\/en_gb\/wp-json\/wp\/v2\/pages"}],"about":[{"href":"https:\/\/einurd.is\/en_gb\/wp-json\/wp\/v2\/types\/page"}],"author":[{"embeddable":true,"href":"https:\/\/einurd.is\/en_gb\/wp-json\/wp\/v2\/users\/1"}],"replies":[{"embeddable":true,"href":"https:\/\/einurd.is\/en_gb\/wp-json\/wp\/v2\/comments?post=304"}],"version-history":[{"count":2,"href":"https:\/\/einurd.is\/en_gb\/wp-json\/wp\/v2\/pages\/304\/revisions"}],"predecessor-version":[{"id":306,"href":"https:\/\/einurd.is\/en_gb\/wp-json\/wp\/v2\/pages\/304\/revisions\/306"}],"wp:attachment":[{"href":"https:\/\/einurd.is\/en_gb\/wp-json\/wp\/v2\/media?parent=304"}],"curies":[{"name":"wp","href":"https:\/\/api.w.org\/{rel}","templated":true}]}}