{"id":2,"date":"2015-06-02T08:03:04","date_gmt":"2015-06-02T08:03:04","guid":{"rendered":"http:\/\/einurd.is\/?page_id=2"},"modified":"2021-05-20T15:51:17","modified_gmt":"2021-05-20T15:51:17","slug":"um-sida","status":"publish","type":"page","link":"https:\/\/einurd.is\/en_gb\/um-sida\/","title":{"rendered":"EINURD"},"content":{"rendered":"<p>Einur\u00f0 ehf. var stofna\u00f0 2010 og hefur sinnt r\u00e1\u00f0gj\u00f6f, stefnum\u00f3tun, ritstj\u00f3rn og verkefnastj\u00f3rnun. &nbsp;<strong>Einur\u00f0 er&nbsp;b\u00fd\u00f0ur upp \u00e1 a\u00f0sto\u00f0 til verkefna tengdum samf\u00e9lags\u00fer\u00f3un, n\u00fdsk\u00f6pun og menntun.<\/strong><\/p>\n<p>\u00c1 a\u00f0alfundi Einur\u00f0ar 11.06.2020 var <a href=\"http:\/\/einurd.is\/wp-content\/uploads\/2020\/06\/Sam\u00feykktir-fyrir-Einur\u00f0-ehf-11.06.2020-til-undirritunar-.docx\" rel=\"\">sam\u00feykktum f\u00e9lagsins<\/a> breytt \u00ed samr\u00e6mi vi\u00f0 tilgang og starfsemi \u00feess, \u00fear er n\u00fa m.a. kve\u00f0i\u00f0 \u00e1 um a\u00f0 tilgangur f\u00e9lagsins s\u00e9 a\u00f0 vinna a\u00f0 samf\u00e9lags\u00fer\u00f3un og n\u00fdsk\u00f6pun. Stj\u00f3rn f\u00e9lagsins skipa, Stefan\u00eda G. Kristinsd\u00f3ttir forma\u00f0ur, Gestur Helgason og Elva Bj\u00f6rt Stef\u00e1nsd\u00f3ttir me\u00f0stj\u00f3rnendur, sko\u00f0unarmenn f\u00e9lagsins eru Gunnlaugur Ragnarsson og Einar Halld\u00f3rsson.<\/p>\n<p><em>Me\u00f0al verkefna Einur\u00f0ar:<\/em><\/p>\n<ul>\n<li><a href=\"http:\/\/socialentrepreneurshipforyouth.com\/\">SE4Y<\/a> social entrepreneurship for youth, Einur\u00f0 lei\u00f0ir verkefni\u00f0 sem styrkt er af Erasmus+ og h\u00f3fst 1. september 2020 og stendur yfir \u00ed 2 \u00e1r. Verkefni\u00f0 sn\u00fdst um a\u00f0 efla ungt f\u00f3lk og sty\u00f0ja \u00fea\u00f0 \u00ed a\u00f0 skapa s\u00e9r starfsvettvang sem tengist samf\u00e9lags\u00fer\u00f3un og n\u00fdsk\u00f6pun.<\/li>\n<li><a href=\"https:\/\/www.urbangardeningproject.eu\/\">Urban Gardening for youth<\/a>, Einur\u00f0 er \u00fe\u00e1tttakandi \u00ed verkefninu sem styrkt er af Erasmus+ og sn\u00fdst um a\u00f0 efla ungt f\u00f3lk \u00ed \u00fe\u00e9ttb\u00fdli me\u00f0 \u00fe\u00e1ttt\u00f6ku \u00feeirra \u00ed gar\u00f0r\u00e6kt, verkefni\u00f0 h\u00f3fst 1. j\u00fan\u00ed 2020 og stendur yfir \u00ed 2 \u00e1r.<\/li>\n<li><a href=\"http:\/\/www.kyr.lpf.lt\/\">KYR <\/a>(Know Your Rights)&nbsp;sem styrkt er af Erasmus+ . Verkefni\u00f0 sn\u00fdst um a\u00f0 \u00fatb\u00faa fr\u00e6\u00f0slu- og kynningarefni um r\u00e9ttindi verkaf\u00f3lks af erlendum uppruna.<\/li>\n<li><a href=\"https:\/\/eeagrants.org\/resources\/fund-youth-employment-project-factsheet-neets-empowerment-sustainable-employment-tourism\">NESET<\/a> verkefni\u00f0 (NEETs&#8217; Empowerment for Sustainable Employment in the Tourism sector), styrkt af &#8222;EEA and Norway Grants Fund for Youth Employment&#8220;.<\/li>\n<li>Vann fyrir h\u00f6nd H\u00e1sk\u00f3lans \u00e1 Bifr\u00f6st a\u00f0 <a href=\"https:\/\/interface-project.eu\/\">INTERFACE<\/a> verkefninu, \u00fej\u00e1lfun verkefnastj\u00f3ra og samf\u00e9lagsfrumkv\u00f6\u00f0la \u00ed broth\u00e6ttum bygg\u00f0um.<\/li>\n<li><a href=\"http:\/\/www.menntun-nuna.is\" target=\"_blank\" rel=\"noopener noreferrer\">Menntun n\u00fana \u00ed Brei\u00f0holti&nbsp;<\/a><\/li>\n<li><a href=\"http:\/\/www.fiereproject.eu\" target=\"_blank\" rel=\"noopener noreferrer\">FIERE <\/a>&#8211; <em>Furthering Innovative and Entrepreneurial Regions in Europe &nbsp;<\/em><\/li>\n<li>Ritstj\u00f3rn Austurland og Reykjav\u00edk-vikubla\u00f0 fyrir <a href=\"http:\/\/www.fotspor.is\" target=\"_blank\" rel=\"noopener noreferrer\">F\u00f3tspor<\/a> auk greinaskrifa fyrir<a href=\"http:\/\/www.borgarblod.is\" target=\"_blank\" rel=\"noopener noreferrer\"> Brei\u00f0holtsbla\u00f0i\u00f0<\/a><\/li>\n<li><a href=\"http:\/\/www.hvunndagshetjur.is\" target=\"_blank\" rel=\"noopener noreferrer\">Vefurinn Hvunndagshetjur&nbsp;<\/a><\/li>\n<li>R\u00e1\u00f0gj\u00f6f vi\u00f0 TTRAIN verkefni\u00f0 fyrir <a href=\"http:\/\/www.rsv.is\" target=\"_blank\" rel=\"noopener noreferrer\">Ranns\u00f3knasetur Verslunarinnar<\/a><\/li>\n<li>Sameining sto\u00f0stofnana Austurlands \u00ed <a href=\"http:\/\/www.austurbru.is\" target=\"_blank\" rel=\"noopener noreferrer\">Austurbr\u00fa&nbsp;<\/a><\/li>\n<\/ul>\n<p>Einur\u00f0 var tilnefnt eitt af 30 fallegustu or\u00f0um \u00edslenskunnar og \u00ed ums\u00f6gn um \u00fea\u00f0 \u00e1 s\u00ed\u00f0u keppninnar kemur fram a\u00f0 or\u00f0i\u00f0 hlj\u00f3mi einstaklega tingnarlega og fallega og a\u00f0 &nbsp;&#8222;<em>\u00ed&nbsp;or\u00f0inu sameinast \u00e1 fallegan h\u00e1tt \u00f6rl\u00edti\u00f0 af \u00ferj\u00f3sku, sm\u00e1 s\u00e9rviska og miki\u00f0 af festu<\/em>&#8222;.<\/p>","protected":false},"excerpt":{"rendered":"<p>Einur\u00f0 ehf. var stofna\u00f0 2010 og hefur sinnt r\u00e1\u00f0gj\u00f6f, stefnum\u00f3tun, ritstj\u00f3rn og verkefnastj\u00f3rnun. &nbsp;Einur\u00f0 er&nbsp;b\u00fd\u00f0ur upp \u00e1 a\u00f0sto\u00f0 til verkefna tengdum samf\u00e9lags\u00fer\u00f3un, n\u00fdsk\u00f6pun og menntun. \u00c1 a\u00f0alfundi Einur\u00f0ar 11.06.2020 var sam\u00feykktum f\u00e9lagsins breytt \u00ed samr\u00e6mi vi\u00f0 tilgang og starfsemi \u00feess, \u00fear er n\u00fa m.a. kve\u00f0i\u00f0 \u00e1 um a\u00f0 tilgangur f\u00e9lagsins s\u00e9 a\u00f0 vinna a\u00f0 samf\u00e9lags\u00fer\u00f3un<a href=\"https:\/\/einurd.is\/en_gb\/um-sida\/\">[&#8230;]<\/a><\/p>","protected":false},"author":1,"featured_media":81,"parent":0,"menu_order":0,"comment_status":"closed","ping_status":"closed","template":"","meta":[],"_links":{"self":[{"href":"https:\/\/einurd.is\/en_gb\/wp-json\/wp\/v2\/pages\/2"}],"collection":[{"href":"https:\/\/einurd.is\/en_gb\/wp-json\/wp\/v2\/pages"}],"about":[{"href":"https:\/\/einurd.is\/en_gb\/wp-json\/wp\/v2\/types\/page"}],"author":[{"embeddable":true,"href":"https:\/\/einurd.is\/en_gb\/wp-json\/wp\/v2\/users\/1"}],"replies":[{"embeddable":true,"href":"https:\/\/einurd.is\/en_gb\/wp-json\/wp\/v2\/comments?post=2"}],"version-history":[{"count":12,"href":"https:\/\/einurd.is\/en_gb\/wp-json\/wp\/v2\/pages\/2\/revisions"}],"predecessor-version":[{"id":360,"href":"https:\/\/einurd.is\/en_gb\/wp-json\/wp\/v2\/pages\/2\/revisions\/360"}],"wp:featuredmedia":[{"embeddable":true,"href":"https:\/\/einurd.is\/en_gb\/wp-json\/wp\/v2\/media\/81"}],"wp:attachment":[{"href":"https:\/\/einurd.is\/en_gb\/wp-json\/wp\/v2\/media?parent=2"}],"curies":[{"name":"wp","href":"https:\/\/api.w.org\/{rel}","templated":true}]}}