{"id":178,"date":"2018-11-02T13:56:03","date_gmt":"2018-11-02T13:56:03","guid":{"rendered":"http:\/\/einurd.is\/?page_id=178"},"modified":"2018-11-02T13:56:53","modified_gmt":"2018-11-02T13:56:53","slug":"neset-verkefnid","status":"publish","type":"page","link":"https:\/\/einurd.is\/en_gb\/neset-verkefnid\/","title":{"rendered":"NESET verkefni\u00f0"},"content":{"rendered":"<p>Einur\u00f0 tekur \u00fe\u00e1tt \u00ed NESET verkefninu (NEETs\u2019 Empowerment for Sustainable Employment in the Tourism sector) sem styrkt er af EEA and Norway Grants Fund for Youth Employment. Verkefni\u00f0 sn\u00fdst um a\u00f0 \u00fer\u00f3a n\u00e1msefni og a\u00f0fer\u00f0ir til a\u00f0 a\u00f0 styrkja og virkja ungt f\u00f3lk til starfa fer\u00f0a\u00fej\u00f3nustu.<\/p>\n<p>Einur\u00f0 er \u00ed s\u00e9rfr\u00e6\u00f0i- og stu\u00f0ningshlutverki \u00ed verkefninu og mun halda utan um framkv\u00e6md \u00e1 greiningu fyrirmynda um \u00fe\u00e1ttt\u00f6ku ungs f\u00f3lks \u00ed n\u00fdsk\u00f6pun og \u00fej\u00e1lfun \u00ed fer\u00f0a\u00fej\u00f3nustu.<\/p>","protected":false},"excerpt":{"rendered":"<p>Einur\u00f0 tekur \u00fe\u00e1tt \u00ed NESET verkefninu (NEETs\u2019 Empowerment for Sustainable Employment in the Tourism sector) sem styrkt er af EEA and Norway Grants Fund for Youth Employment. Verkefni\u00f0 sn\u00fdst um a\u00f0 \u00fer\u00f3a n\u00e1msefni og a\u00f0fer\u00f0ir til a\u00f0 a\u00f0 styrkja og virkja ungt f\u00f3lk til starfa fer\u00f0a\u00fej\u00f3nustu. Einur\u00f0 er \u00ed s\u00e9rfr\u00e6\u00f0i- og stu\u00f0ningshlutverki \u00ed verkefninu og<a href=\"https:\/\/einurd.is\/en_gb\/neset-verkefnid\/\">[&#8230;]<\/a><\/p>","protected":false},"author":1,"featured_media":0,"parent":0,"menu_order":2,"comment_status":"closed","ping_status":"closed","template":"","meta":[],"_links":{"self":[{"href":"https:\/\/einurd.is\/en_gb\/wp-json\/wp\/v2\/pages\/178"}],"collection":[{"href":"https:\/\/einurd.is\/en_gb\/wp-json\/wp\/v2\/pages"}],"about":[{"href":"https:\/\/einurd.is\/en_gb\/wp-json\/wp\/v2\/types\/page"}],"author":[{"embeddable":true,"href":"https:\/\/einurd.is\/en_gb\/wp-json\/wp\/v2\/users\/1"}],"replies":[{"embeddable":true,"href":"https:\/\/einurd.is\/en_gb\/wp-json\/wp\/v2\/comments?post=178"}],"version-history":[{"count":1,"href":"https:\/\/einurd.is\/en_gb\/wp-json\/wp\/v2\/pages\/178\/revisions"}],"predecessor-version":[{"id":179,"href":"https:\/\/einurd.is\/en_gb\/wp-json\/wp\/v2\/pages\/178\/revisions\/179"}],"wp:attachment":[{"href":"https:\/\/einurd.is\/en_gb\/wp-json\/wp\/v2\/media?parent=178"}],"curies":[{"name":"wp","href":"https:\/\/api.w.org\/{rel}","templated":true}]}}