{"id":13,"date":"2015-08-17T15:35:36","date_gmt":"2015-08-17T15:35:36","guid":{"rendered":"http:\/\/einurd.is\/?page_id=13"},"modified":"2016-01-05T19:18:19","modified_gmt":"2016-01-05T19:18:19","slug":"fiere-verkefnid","status":"publish","type":"page","link":"https:\/\/einurd.is\/en_gb\/fiere-verkefnid\/","title":{"rendered":"FIERE verkefni\u00f0"},"content":{"rendered":"<p>Einur\u00f0 tekur \u00fe\u00e1tt \u00ed <a href=\"http:\/\/www.fiereproject.eu\" target=\"_blank\">FIERE <\/a>\u00a0(Furthering Innovative Entrepreneurial Regions of Europe) verkefninu sem h\u00f3fst \u00ed \u00e1rsbyrjun 2014 og l\u00fdkur \u00ed \u00e1rslok 2015. \u00a0FIERE er tveggja \u00e1ra verkefni sem styrkt er af Grundtvig \u00e1\u00e6tlun Evr\u00f3pusambandsins (n\u00fa Erasmus) og mi\u00f0ar a\u00f0 \u00fev\u00ed a\u00f0 auk n\u00fdsk\u00f6pun og frumkv\u00f6\u00f0lahugsun hj\u00e1 stofnunum, fyrirt\u00e6kjum og f\u00e9lagasamt\u00f6kum sem koma a\u00f0 bygg\u00f0a\u00fer\u00f3un. \u00a0Verkefninu er st\u00fdrt af <a href=\"http:\/\/www.tcc.ie\" target=\"_blank\">Tipperary County Council<\/a> \u00e1 \u00cdrlandi en a\u00f0rir samstarfsa\u00f0ilar eru Centre for Enterprise Development &amp; Regional Economy (CEDRE) hj\u00e1 <a href=\"http:\/\/www.wit.ie\" target=\"_blank\">Waterford Institute of Technology<\/a>\u00a0\u00e1 \u00cdrlandi,\u00a0\u00a0<a href=\"http:\/\/www.cesie.it\" target=\"_blank\">CESIE<\/a> Sikiley \u00cdtal\u00edu, Institute for Postgraduate Studies (IPS) <a href=\"http:\/\/www.ips.bg\" target=\"_blank\">University of National &amp; World Economy<\/a> B\u00falgar\u00edu, \u00a0<a href=\"http:\/\/www.allweb.gr\" target=\"_blank\">Allweb Solutions<\/a> Grikklandi og\u00a0<a href=\"http:\/\/www.acib.eu\" target=\"_blank\">Associacao Comercial e Industrial de Barcelos<\/a> (ACIB) Port\u00fagal.<\/p>\n<p>Unnin var \u00fearfagreining me\u00f0al markh\u00f3pa verkefnisins 2014 og veri\u00f0 er a\u00f0 leggja lokah\u00f6nd \u00e1 n\u00e1msskr\u00e1 fyrir eins dags vinnustofu \u00fear sem unni\u00f0 er me\u00f0 n\u00fdsk\u00f6pun og frumkv\u00f6\u00f0lahugsun tengda bygg\u00f0a- og samf\u00e9lags\u00fer\u00f3un. \u00a0Einur\u00f0 h\u00e9lt utan um vinnu vi\u00f0 ferilsathuganir &#8222;case studies&#8220; fr\u00e1 \u00f3l\u00edkum samstarfsa\u00f0ilum sem m.a. ver\u00f0a n\u00fdttar sem n\u00e1msefni \u00e1 vinnustofunum, ritstj\u00f3ri var \u00c1rni Helgason. \u00a0Case studies og a\u00f0rar afur\u00f0ir verkefnisins m\u00e1 finna \u00e1 heimas\u00ed\u00f0u \u00feess \u00e1 ensku en \u00fatdr\u00e1ttur ver\u00f0ur \u00fe\u00fdddur \u00e1 \u00edslensku sem og n\u00e1msskr\u00e1 og n\u00e1msg\u00f6gn.<\/p>\n<p>Skipulag\u00f0ar voru tv\u00e6r tilraunavinnstofur \u00e1 \u00cdslandi hausti\u00f0 2015 \u00ed samstarfi vi\u00f0 <a href=\"http:\/\/www.bifrost.is\/namid\/#simenntun\" target=\"_blank\">S\u00edmenntun H\u00e1sk\u00f3lans \u00e1 Bifr\u00f6st<\/a> sem mun \u00ed framhaldinu bj\u00f3\u00f0a upp \u00e1 vinnustofurnar sem hluta af n\u00e1msframbo\u00f0i s\u00ednu tengdu s\u00edmenntun. Vinnustofunum var skipti \u00ed eftirfarandi \u00ferj\u00e1 hluta sem v\u00edsu\u00f0u til \u00feeirra 6 f\u00e6rni\u00fe\u00e1tta sem fram komu \u00ed \u00fearfagreiningunni:<\/p>\n<ol>\n<li>N\u00fdsk\u00f6pun og sk\u00f6punarkraftur<\/li>\n<li>Greinandi hugsun og \u00fatsj\u00f3narsemi<\/li>\n<li>Seigla og lei\u00f0togah\u00e6fni<\/li>\n<\/ol>\n<p>Tv\u00e6r vinnustofur undir yfirskriftinni &#8222;N\u00fdsk\u00f6pun og samf\u00e9lags\u00fer\u00f3un&#8220; voru haldnar, annars vegar i samstarfi vi\u00f0 Bygg\u00f0astofnun \u00feann 26. okt\u00f3ber \u00e1 Sau\u00f0\u00e1rkr\u00f3ki og hinsvegar var haldin vinnustofa fyrir h\u00f3p kvenna \u00ed h\u00fasn\u00e6\u00f0i H\u00e1sk\u00f3lans \u00e1 Bifr\u00f6st \u00ed Reykjav\u00edk \u00feann 14. n\u00f3vember. \u00a0Samtals t\u00f3ku 26 \u00fe\u00e1tt \u00ed vinnustofunum og n\u00e1msmat s\u00fdndi fram \u00e1 almenna \u00e1n\u00e6gju me\u00f0 skipulag, kennslu og n\u00e1msefni.<\/p>\n<p><strong>Birt kynningarefni og ni\u00f0urst\u00f6\u00f0ur:\u00a0<\/strong><\/p>\n<p><a href=\"http:\/\/einurd.is\/wp-content\/uploads\/2016\/01\/N\u00fdsk\u00f6pun-og-samf\u00e9lags\u00fer\u00f3un-FIERE-vinnustofa.pdf\" rel=\"\">N\u00fdsk\u00f6pun og samf\u00e9lags\u00fer\u00f3un &#8211; FIERE vinnustofa<\/a><\/p>\n<p>Handb\u00f3k \u00fe\u00e1tttakenda \u00ed FIERE vinnustofum \u00e1 <a href=\"http:\/\/fiereproject.eu\/files\/9814\/4888\/3873\/FIERE_Learners_handbook_pilot_IS.pdf\" target=\"_blank\">\u00edslensku\u00a0<\/a><\/p>\n<p>Kynningarb\u00e6klingur um FIERE \u00e1 <a href=\"http:\/\/fiereproject.eu\/files\/7514\/1258\/8177\/FIERE_Project_brochure.pdf\" target=\"_blank\">ensku<\/a> og <a href=\"http:\/\/fiereproject.eu\/files\/2114\/2796\/8848\/Brochure_-_FIERE_IS.pdf\" target=\"_blank\">\u00edslensku\u00a0<\/a><\/p>\n<p><a href=\"http:\/\/www.fiereproject.eu\/files\/2614\/0309\/9490\/fiere-nl-1-is.pdf\" target=\"_blank\">Fr\u00e9ttabr\u00e9f FIERE 1. t\u00f6lubla\u00f0 \u00e1 \u00edslensku\u00a0<\/a>og <a href=\"http:\/\/www.fiereproject.eu\/files\/5414\/0309\/9916\/fiere-nl-1-en.pdf\" target=\"_blank\">ensku<\/a><\/p>\n<p><a href=\"http:\/\/fiereproject.eu\/files\/6014\/3230\/2083\/fiere-nl-2-IS.pdf\" target=\"_blank\">Fr\u00e9ttabr\u00e9f FIERE 2. t\u00f6lubla\u00f0 \u00e1 \u00edslensku\u00a0<\/a>og <a href=\"http:\/\/fiereproject.eu\/files\/5114\/3230\/2081\/fiere-nl-2-EN.pdf\" target=\"_blank\">ensku<\/a><\/p>\n<p><a href=\"http:\/\/fiereproject.eu\/files\/7514\/2796\/3665\/FIERE_Combined_Survey_REport_2015.pdf\" target=\"_blank\">\u00dearfagreining<\/a> &#8211;\u00a0<a href=\"http:\/\/fiereproject.eu\/files\/8514\/2798\/2917\/FIERE_WP2_Executive_Summary_Iceland_-_IS.pdf\" target=\"_blank\">samanteknar ni\u00f0urst\u00f6\u00f0ur \u00fearfagreiningar \u00e1 \u00cdslandi\u00a0<\/a><\/p>\n<p>D\u00e6mis\u00f6gur unnar \u00ed verkefninu,\u00a0<a href=\"http:\/\/fiereproject.eu\/files\/2214\/3748\/7124\/Case_Study_Report_FIERE_WP_4_final.pdf\" target=\"_blank\">Case study report<\/a><\/p>\n<p>Samantekt \u00e1 d\u00e6mis\u00f6gum \u00e1 \u00edslensku,\u00a0<a href=\"http:\/\/einurd.is\/wp-content\/uploads\/2015\/08\/Case-Study-Summaries_IS.pdf\">Case Study Summaries_IS<\/a><\/p>\n<p>&nbsp;<\/p>\n<p>&nbsp;<\/p>\n<p>&nbsp;<\/p>","protected":false},"excerpt":{"rendered":"<p>Einur\u00f0 tekur \u00fe\u00e1tt \u00ed FIERE \u00a0(Furthering Innovative Entrepreneurial Regions of Europe) verkefninu sem h\u00f3fst \u00ed \u00e1rsbyrjun 2014 og l\u00fdkur \u00ed \u00e1rslok 2015. \u00a0FIERE er tveggja \u00e1ra verkefni sem styrkt er af Grundtvig \u00e1\u00e6tlun Evr\u00f3pusambandsins (n\u00fa Erasmus) og mi\u00f0ar a\u00f0 \u00fev\u00ed a\u00f0 auk n\u00fdsk\u00f6pun og frumkv\u00f6\u00f0lahugsun hj\u00e1 stofnunum, fyrirt\u00e6kjum og f\u00e9lagasamt\u00f6kum sem koma a\u00f0 bygg\u00f0a\u00fer\u00f3un. \u00a0Verkefninu<a href=\"https:\/\/einurd.is\/en_gb\/fiere-verkefnid\/\">[&#8230;]<\/a><\/p>","protected":false},"author":1,"featured_media":23,"parent":0,"menu_order":0,"comment_status":"closed","ping_status":"closed","template":"","meta":[],"_links":{"self":[{"href":"https:\/\/einurd.is\/en_gb\/wp-json\/wp\/v2\/pages\/13"}],"collection":[{"href":"https:\/\/einurd.is\/en_gb\/wp-json\/wp\/v2\/pages"}],"about":[{"href":"https:\/\/einurd.is\/en_gb\/wp-json\/wp\/v2\/types\/page"}],"author":[{"embeddable":true,"href":"https:\/\/einurd.is\/en_gb\/wp-json\/wp\/v2\/users\/1"}],"replies":[{"embeddable":true,"href":"https:\/\/einurd.is\/en_gb\/wp-json\/wp\/v2\/comments?post=13"}],"version-history":[{"count":12,"href":"https:\/\/einurd.is\/en_gb\/wp-json\/wp\/v2\/pages\/13\/revisions"}],"predecessor-version":[{"id":79,"href":"https:\/\/einurd.is\/en_gb\/wp-json\/wp\/v2\/pages\/13\/revisions\/79"}],"wp:featuredmedia":[{"embeddable":true,"href":"https:\/\/einurd.is\/en_gb\/wp-json\/wp\/v2\/media\/23"}],"wp:attachment":[{"href":"https:\/\/einurd.is\/en_gb\/wp-json\/wp\/v2\/media?parent=13"}],"curies":[{"name":"wp","href":"https:\/\/api.w.org\/{rel}","templated":true}]}}