{"id":109,"date":"2016-02-10T20:28:10","date_gmt":"2016-02-10T20:28:10","guid":{"rendered":"http:\/\/einurd.is\/?page_id=109"},"modified":"2016-02-10T21:52:46","modified_gmt":"2016-02-10T21:52:46","slug":"hvunndagshetjur","status":"publish","type":"page","link":"https:\/\/einurd.is\/en_gb\/hvunndagshetjur\/","title":{"rendered":"Hvunndagshetjur"},"content":{"rendered":"<p>Hugmyndin me\u00f0 s\u00ed\u00f0unni Hvunndagshetjur er a\u00f0 birta fr\u00e9ttir um og vi\u00f0t\u00f6l vi\u00f0 hvunndagshetjur.<\/p>\n<p>Markmi\u00f0i\u00f0 er a\u00f0 fjalla um og segja s\u00f6gur f\u00f3lksins sem er \u00f6llu a\u00f0 j\u00f6fnu ekki \u00ed fr\u00e9ttunum. F\u00f3lkinu sem er a\u00f0 sigrast \u00e1 erfi\u00f0leikum \u00ed l\u00edfi s\u00ednu og f\u00f3lkinu sem l\u00edfgar upp \u00e1 tilveru okkar me\u00f0 gla\u00f0v\u00e6r\u00f0, umhyggju e\u00f0a visku sinni.<\/p>\n<p>Ritstj\u00f3ri s\u00ed\u00f0unnar er Stefan\u00eda G. Kristinsd\u00f3ttir.<\/p>","protected":false},"excerpt":{"rendered":"<p>Hugmyndin me\u00f0 s\u00ed\u00f0unni Hvunndagshetjur er a\u00f0 birta fr\u00e9ttir um og vi\u00f0t\u00f6l vi\u00f0 hvunndagshetjur. Markmi\u00f0i\u00f0 er a\u00f0 fjalla um og segja s\u00f6gur f\u00f3lksins sem er \u00f6llu a\u00f0 j\u00f6fnu ekki \u00ed fr\u00e9ttunum. F\u00f3lkinu sem er a\u00f0 sigrast \u00e1 erfi\u00f0leikum \u00ed l\u00edfi s\u00ednu og f\u00f3lkinu sem l\u00edfgar upp \u00e1 tilveru okkar me\u00f0 gla\u00f0v\u00e6r\u00f0, umhyggju e\u00f0a visku sinni. Ritstj\u00f3ri<a href=\"https:\/\/einurd.is\/en_gb\/hvunndagshetjur\/\">[&#8230;]<\/a><\/p>","protected":false},"author":1,"featured_media":61,"parent":0,"menu_order":0,"comment_status":"closed","ping_status":"closed","template":"","meta":[],"_links":{"self":[{"href":"https:\/\/einurd.is\/en_gb\/wp-json\/wp\/v2\/pages\/109"}],"collection":[{"href":"https:\/\/einurd.is\/en_gb\/wp-json\/wp\/v2\/pages"}],"about":[{"href":"https:\/\/einurd.is\/en_gb\/wp-json\/wp\/v2\/types\/page"}],"author":[{"embeddable":true,"href":"https:\/\/einurd.is\/en_gb\/wp-json\/wp\/v2\/users\/1"}],"replies":[{"embeddable":true,"href":"https:\/\/einurd.is\/en_gb\/wp-json\/wp\/v2\/comments?post=109"}],"version-history":[{"count":2,"href":"https:\/\/einurd.is\/en_gb\/wp-json\/wp\/v2\/pages\/109\/revisions"}],"predecessor-version":[{"id":143,"href":"https:\/\/einurd.is\/en_gb\/wp-json\/wp\/v2\/pages\/109\/revisions\/143"}],"wp:featuredmedia":[{"embeddable":true,"href":"https:\/\/einurd.is\/en_gb\/wp-json\/wp\/v2\/media\/61"}],"wp:attachment":[{"href":"https:\/\/einurd.is\/en_gb\/wp-json\/wp\/v2\/media?parent=109"}],"curies":[{"name":"wp","href":"https:\/\/api.w.org\/{rel}","templated":true}]}}